{"id":140,"date":"2024-06-06T16:45:45","date_gmt":"2024-06-06T14:45:45","guid":{"rendered":"https:\/\/hegesztogarazs.hu\/?page_id=140"},"modified":"2024-10-24T14:05:25","modified_gmt":"2024-10-24T12:05:25","slug":"kapcsolat","status":"publish","type":"page","link":"https:\/\/hegesztogarazs.hu\/?page_id=140","title":{"rendered":"Kapcsolat"},"content":{"rendered":"<p>[et_pb_section fb_built=&#8221;1&#8243; _builder_version=&#8221;4.27.0&#8243; _module_preset=&#8221;default&#8221; global_colors_info=&#8221;{}&#8221;][et_pb_row _builder_version=&#8221;4.27.0&#8243; _module_preset=&#8221;default&#8221; global_colors_info=&#8221;{}&#8221;][et_pb_column type=&#8221;4_4&#8243; _builder_version=&#8221;4.27.0&#8243; _module_preset=&#8221;default&#8221; global_colors_info=&#8221;{}&#8221;][et_pb_heading title=&#8221;Kapcsolat&#8221; module_id=&#8221;kapcsolat&#8221; _builder_version=&#8221;4.27.0&#8243; _module_preset=&#8221;default&#8221; title_font=&#8221;Poppins|700|||||||&#8221; title_text_align=&#8221;center&#8221; title_font_size=&#8221;40px&#8221; custom_margin=&#8221;0px||-86px||false|false&#8221; title_font_size_tablet=&#8221;40px&#8221; title_font_size_phone=&#8221;30px&#8221; title_font_size_last_edited=&#8221;on|desktop&#8221; locked=&#8221;off&#8221; global_colors_info=&#8221;{}&#8221;][\/et_pb_heading][\/et_pb_column][\/et_pb_row][\/et_pb_section][et_pb_section fb_built=&#8221;1&#8243; _builder_version=&#8221;4.27.0&#8243; _module_preset=&#8221;default&#8221; global_colors_info=&#8221;{}&#8221;][et_pb_row _builder_version=&#8221;4.27.0&#8243; _module_preset=&#8221;default&#8221; global_colors_info=&#8221;{}&#8221;][et_pb_column type=&#8221;4_4&#8243; _builder_version=&#8221;4.27.0&#8243; _module_preset=&#8221;default&#8221; global_colors_info=&#8221;{}&#8221;][et_pb_heading title=&#8221;+36 70 322 3228&#8243; _builder_version=&#8221;4.27.2&#8243; _module_preset=&#8221;default&#8221; title_font=&#8221;Poppins||||||||&#8221; title_font_size=&#8221;20px&#8221; hover_enabled=&#8221;0&#8243; sticky_enabled=&#8221;0&#8243; title_font_size_last_edited=&#8221;on|phone&#8221; title_font_size_phone=&#8221;15px&#8221; locked=&#8221;off&#8221; animation_style=&#8221;fade&#8221; title_font_size_tablet=&#8221;20px&#8221;][\/et_pb_heading][et_pb_heading title=&#8221;hegesztogarazs@gmail.com&#8221; _builder_version=&#8221;4.27.2&#8243; _module_preset=&#8221;default&#8221; title_font=&#8221;Poppins||||||||&#8221; title_font_size=&#8221;20px&#8221; hover_enabled=&#8221;0&#8243; sticky_enabled=&#8221;0&#8243; title_font_size_last_edited=&#8221;on|phone&#8221; title_font_size_phone=&#8221;15px&#8221; custom_margin=&#8221;-20px||0px||false|false&#8221; locked=&#8221;off&#8221; animation_style=&#8221;fade&#8221; title_font_size_tablet=&#8221;20px&#8221;][\/et_pb_heading][et_pb_contact_form captcha=&#8221;off&#8221; email=&#8221;hegesztogarazs@gmail.com&#8221; custom_message=&#8221;N\u00e9v: %%name%%||et_pb_line_break_holder||Email: %%email%%||et_pb_line_break_holder||Telefonsz\u00e1m: %%phone%%||et_pb_line_break_holder||\u00dczenet: %%message%%&#8221; use_redirect=&#8221;on&#8221; redirect_url=&#8221;https:\/\/hegesztogarazs.hu&#8221; success_message=&#8221;Sikeresen elk\u00fcldve&#8221; _builder_version=&#8221;4.25.2&#8243; _module_preset=&#8221;default&#8221; _unique_id=&#8221;4cf5c8b3-6898-4921-815a-8fe92cb90631&#8243; custom_button=&#8221;on&#8221; button_text_size=&#8221;20px&#8221; button_text_color=&#8221;RGBA(255,255,255,0)&#8221; button_bg_image=&#8221;https:\/\/hegesztogarazs.hu\/wp-content\/uploads\/2024\/06\/Hegesztogarazs-kuldes-gomb-1.png&#8221; button_bg_blend=&#8221;multiply&#8221; button_border_width=&#8221;4px&#8221; button_letter_spacing=&#8221;0px&#8221; custom_margin=&#8221;15px||||false|false&#8221; custom_padding=&#8221;0px||||false|false&#8221; animation_style=&#8221;fade&#8221; hover_enabled=&#8221;0&#8243; button_icon_placement_tablet=&#8221;&#8221; button_icon_placement_phone=&#8221;right&#8221; button_icon_placement_last_edited=&#8221;on|phone&#8221; box_shadow_style=&#8221;preset4&#8243; box_shadow_horizontal=&#8221;2px&#8221; box_shadow_vertical=&#8221;2px&#8221; box_shadow_color=&#8221;#a0a0a0&#8243; locked=&#8221;off&#8221; global_colors_info=&#8221;{}&#8221; sticky_enabled=&#8221;0&#8243;][et_pb_contact_field field_id=&#8221;Name&#8221; field_title=&#8221;N\u00e9v&#8221; _builder_version=&#8221;4.25.2&#8243; global_colors_info=&#8221;{}&#8221; button_text_size__hover_enabled=&#8221;off&#8221; button_one_text_size__hover_enabled=&#8221;off&#8221; button_two_text_size__hover_enabled=&#8221;off&#8221; button_text_color__hover_enabled=&#8221;off&#8221; button_one_text_color__hover_enabled=&#8221;off&#8221; button_two_text_color__hover_enabled=&#8221;off&#8221; button_border_width__hover_enabled=&#8221;off&#8221; button_one_border_width__hover_enabled=&#8221;off&#8221; button_two_border_width__hover_enabled=&#8221;off&#8221; button_border_color__hover_enabled=&#8221;off&#8221; button_one_border_color__hover_enabled=&#8221;off&#8221; button_two_border_color__hover_enabled=&#8221;off&#8221; button_border_radius__hover_enabled=&#8221;off&#8221; button_one_border_radius__hover_enabled=&#8221;off&#8221; button_two_border_radius__hover_enabled=&#8221;off&#8221; button_letter_spacing__hover_enabled=&#8221;off&#8221; button_one_letter_spacing__hover_enabled=&#8221;off&#8221; button_two_letter_spacing__hover_enabled=&#8221;off&#8221; button_bg_color__hover_enabled=&#8221;off&#8221; button_one_bg_color__hover_enabled=&#8221;off&#8221; button_two_bg_color__hover_enabled=&#8221;off&#8221;][\/et_pb_contact_field][et_pb_contact_field field_id=&#8221;Email&#8221; field_title=&#8221;Email c\u00edm&#8221; field_type=&#8221;email&#8221; _builder_version=&#8221;4.25.2&#8243; global_colors_info=&#8221;{}&#8221; button_text_size__hover_enabled=&#8221;off&#8221; button_one_text_size__hover_enabled=&#8221;off&#8221; button_two_text_size__hover_enabled=&#8221;off&#8221; button_text_color__hover_enabled=&#8221;off&#8221; button_one_text_color__hover_enabled=&#8221;off&#8221; button_two_text_color__hover_enabled=&#8221;off&#8221; button_border_width__hover_enabled=&#8221;off&#8221; button_one_border_width__hover_enabled=&#8221;off&#8221; button_two_border_width__hover_enabled=&#8221;off&#8221; button_border_color__hover_enabled=&#8221;off&#8221; button_one_border_color__hover_enabled=&#8221;off&#8221; button_two_border_color__hover_enabled=&#8221;off&#8221; button_border_radius__hover_enabled=&#8221;off&#8221; button_one_border_radius__hover_enabled=&#8221;off&#8221; button_two_border_radius__hover_enabled=&#8221;off&#8221; button_letter_spacing__hover_enabled=&#8221;off&#8221; button_one_letter_spacing__hover_enabled=&#8221;off&#8221; button_two_letter_spacing__hover_enabled=&#8221;off&#8221; button_bg_color__hover_enabled=&#8221;off&#8221; button_one_bg_color__hover_enabled=&#8221;off&#8221; button_two_bg_color__hover_enabled=&#8221;off&#8221;][\/et_pb_contact_field][et_pb_contact_field field_id=&#8221;Phone&#8221; field_title=&#8221;Telefonsz\u00e1m&#8221; fullwidth_field=&#8221;on&#8221; _builder_version=&#8221;4.25.2&#8243; _module_preset=&#8221;default&#8221; global_colors_info=&#8221;{}&#8221;][\/et_pb_contact_field][et_pb_contact_field field_id=&#8221;Message&#8221; field_title=&#8221;\u00dczenet&#8221; field_type=&#8221;text&#8221; fullwidth_field=&#8221;on&#8221; _builder_version=&#8221;4.25.2&#8243; custom_margin=&#8221;0px||||false|false&#8221; global_colors_info=&#8221;{}&#8221; button_text_size__hover_enabled=&#8221;off&#8221; button_one_text_size__hover_enabled=&#8221;off&#8221; button_two_text_size__hover_enabled=&#8221;off&#8221; button_text_color__hover_enabled=&#8221;off&#8221; button_one_text_color__hover_enabled=&#8221;off&#8221; button_two_text_color__hover_enabled=&#8221;off&#8221; button_border_width__hover_enabled=&#8221;off&#8221; button_one_border_width__hover_enabled=&#8221;off&#8221; button_two_border_width__hover_enabled=&#8221;off&#8221; button_border_color__hover_enabled=&#8221;off&#8221; button_one_border_color__hover_enabled=&#8221;off&#8221; button_two_border_color__hover_enabled=&#8221;off&#8221; button_border_radius__hover_enabled=&#8221;off&#8221; button_one_border_radius__hover_enabled=&#8221;off&#8221; button_two_border_radius__hover_enabled=&#8221;off&#8221; button_letter_spacing__hover_enabled=&#8221;off&#8221; button_one_letter_spacing__hover_enabled=&#8221;off&#8221; button_two_letter_spacing__hover_enabled=&#8221;off&#8221; button_bg_color__hover_enabled=&#8221;off&#8221; button_one_bg_color__hover_enabled=&#8221;off&#8221; button_two_bg_color__hover_enabled=&#8221;off&#8221;][\/et_pb_contact_field][\/et_pb_contact_form][\/et_pb_column][\/et_pb_row][\/et_pb_section]<\/p>\n","protected":false},"excerpt":{"rendered":"","protected":false},"author":1,"featured_media":0,"parent":0,"menu_order":0,"comment_status":"closed","ping_status":"closed","template":"","meta":{"_et_pb_use_builder":"on","_et_pb_old_content":"","_et_gb_content_width":"","footnotes":""},"class_list":["post-140","page","type-page","status-publish","hentry"],"yoast_head":"<!-- This site is optimized with the Yoast SEO plugin v26.5 - https:\/\/yoast.com\/wordpress\/plugins\/seo\/ -->\n<title>Kapcsolat - hegesztogarazs.hu<\/title>\n<meta name=\"robots\" content=\"index, follow, max-snippet:-1, max-image-preview:large, max-video-preview:-1\" \/>\n<link rel=\"canonical\" href=\"https:\/\/hegesztogarazs.hu\/?page_id=140\" \/>\n<meta property=\"og:locale\" content=\"hu_HU\" \/>\n<meta property=\"og:type\" content=\"article\" \/>\n<meta property=\"og:title\" content=\"Kapcsolat - hegesztogarazs.hu\" \/>\n<meta property=\"og:url\" content=\"https:\/\/hegesztogarazs.hu\/?page_id=140\" \/>\n<meta property=\"og:site_name\" content=\"hegesztogarazs.hu\" \/>\n<meta property=\"article:modified_time\" content=\"2024-10-24T12:05:25+00:00\" \/>\n<meta name=\"twitter:card\" content=\"summary_large_image\" \/>\n<meta name=\"twitter:label1\" content=\"Becs\u00fclt olvas\u00e1si id\u0151\" \/>\n\t<meta name=\"twitter:data1\" content=\"5 perc\" \/>\n<script type=\"application\/ld+json\" class=\"yoast-schema-graph\">{\"@context\":\"https:\/\/schema.org\",\"@graph\":[{\"@type\":\"WebPage\",\"@id\":\"https:\/\/hegesztogarazs.hu\/?page_id=140\",\"url\":\"https:\/\/hegesztogarazs.hu\/?page_id=140\",\"name\":\"Kapcsolat - hegesztogarazs.hu\",\"isPartOf\":{\"@id\":\"https:\/\/hegesztogarazs.hu\/#website\"},\"datePublished\":\"2024-06-06T14:45:45+00:00\",\"dateModified\":\"2024-10-24T12:05:25+00:00\",\"breadcrumb\":{\"@id\":\"https:\/\/hegesztogarazs.hu\/?page_id=140#breadcrumb\"},\"inLanguage\":\"hu\",\"potentialAction\":[{\"@type\":\"ReadAction\",\"target\":[\"https:\/\/hegesztogarazs.hu\/?page_id=140\"]}]},{\"@type\":\"BreadcrumbList\",\"@id\":\"https:\/\/hegesztogarazs.hu\/?page_id=140#breadcrumb\",\"itemListElement\":[{\"@type\":\"ListItem\",\"position\":1,\"name\":\"Kezd\u0151lap\",\"item\":\"https:\/\/hegesztogarazs.hu\/\"},{\"@type\":\"ListItem\",\"position\":2,\"name\":\"Kapcsolat\"}]},{\"@type\":\"WebSite\",\"@id\":\"https:\/\/hegesztogarazs.hu\/#website\",\"url\":\"https:\/\/hegesztogarazs.hu\/\",\"name\":\"hegesztogarazs.hu\",\"description\":\"Professzion\u00e1lis Hegeszt\u00e9si Szolg\u00e1ltat\u00e1sok Bicsk\u00e9n\",\"potentialAction\":[{\"@type\":\"SearchAction\",\"target\":{\"@type\":\"EntryPoint\",\"urlTemplate\":\"https:\/\/hegesztogarazs.hu\/?s={search_term_string}\"},\"query-input\":{\"@type\":\"PropertyValueSpecification\",\"valueRequired\":true,\"valueName\":\"search_term_string\"}}],\"inLanguage\":\"hu\"}]}<\/script>\n<!-- \/ Yoast SEO plugin. -->","yoast_head_json":{"title":"Kapcsolat - hegesztogarazs.hu","robots":{"index":"index","follow":"follow","max-snippet":"max-snippet:-1","max-image-preview":"max-image-preview:large","max-video-preview":"max-video-preview:-1"},"canonical":"https:\/\/hegesztogarazs.hu\/?page_id=140","og_locale":"hu_HU","og_type":"article","og_title":"Kapcsolat - hegesztogarazs.hu","og_url":"https:\/\/hegesztogarazs.hu\/?page_id=140","og_site_name":"hegesztogarazs.hu","article_modified_time":"2024-10-24T12:05:25+00:00","twitter_card":"summary_large_image","twitter_misc":{"Becs\u00fclt olvas\u00e1si id\u0151":"5 perc"},"schema":{"@context":"https:\/\/schema.org","@graph":[{"@type":"WebPage","@id":"https:\/\/hegesztogarazs.hu\/?page_id=140","url":"https:\/\/hegesztogarazs.hu\/?page_id=140","name":"Kapcsolat - hegesztogarazs.hu","isPartOf":{"@id":"https:\/\/hegesztogarazs.hu\/#website"},"datePublished":"2024-06-06T14:45:45+00:00","dateModified":"2024-10-24T12:05:25+00:00","breadcrumb":{"@id":"https:\/\/hegesztogarazs.hu\/?page_id=140#breadcrumb"},"inLanguage":"hu","potentialAction":[{"@type":"ReadAction","target":["https:\/\/hegesztogarazs.hu\/?page_id=140"]}]},{"@type":"BreadcrumbList","@id":"https:\/\/hegesztogarazs.hu\/?page_id=140#breadcrumb","itemListElement":[{"@type":"ListItem","position":1,"name":"Kezd\u0151lap","item":"https:\/\/hegesztogarazs.hu\/"},{"@type":"ListItem","position":2,"name":"Kapcsolat"}]},{"@type":"WebSite","@id":"https:\/\/hegesztogarazs.hu\/#website","url":"https:\/\/hegesztogarazs.hu\/","name":"hegesztogarazs.hu","description":"Professzion\u00e1lis Hegeszt\u00e9si Szolg\u00e1ltat\u00e1sok Bicsk\u00e9n","potentialAction":[{"@type":"SearchAction","target":{"@type":"EntryPoint","urlTemplate":"https:\/\/hegesztogarazs.hu\/?s={search_term_string}"},"query-input":{"@type":"PropertyValueSpecification","valueRequired":true,"valueName":"search_term_string"}}],"inLanguage":"hu"}]}},"_links":{"self":[{"href":"https:\/\/hegesztogarazs.hu\/index.php?rest_route=\/wp\/v2\/pages\/140","targetHints":{"allow":["GET"]}}],"collection":[{"href":"https:\/\/hegesztogarazs.hu\/index.php?rest_route=\/wp\/v2\/pages"}],"about":[{"href":"https:\/\/hegesztogarazs.hu\/index.php?rest_route=\/wp\/v2\/types\/page"}],"author":[{"embeddable":true,"href":"https:\/\/hegesztogarazs.hu\/index.php?rest_route=\/wp\/v2\/users\/1"}],"replies":[{"embeddable":true,"href":"https:\/\/hegesztogarazs.hu\/index.php?rest_route=%2Fwp%2Fv2%2Fcomments&post=140"}],"version-history":[{"count":5,"href":"https:\/\/hegesztogarazs.hu\/index.php?rest_route=\/wp\/v2\/pages\/140\/revisions"}],"predecessor-version":[{"id":819,"href":"https:\/\/hegesztogarazs.hu\/index.php?rest_route=\/wp\/v2\/pages\/140\/revisions\/819"}],"wp:attachment":[{"href":"https:\/\/hegesztogarazs.hu\/index.php?rest_route=%2Fwp%2Fv2%2Fmedia&parent=140"}],"curies":[{"name":"wp","href":"https:\/\/api.w.org\/{rel}","templated":true}]}}