{"id":290,"date":"2024-06-09T16:29:47","date_gmt":"2024-06-09T14:29:47","guid":{"rendered":"https:\/\/hegesztogarazs.hu\/?page_id=290"},"modified":"2024-08-23T16:20:48","modified_gmt":"2024-08-23T14:20:48","slug":"rozsdamentes","status":"publish","type":"page","link":"https:\/\/hegesztogarazs.hu\/?page_id=290","title":{"rendered":"Rozsdamentes"},"content":{"rendered":"<p>[et_pb_section fb_built=&#8221;1&#8243; _builder_version=&#8221;4.25.1&#8243; _module_preset=&#8221;default&#8221; global_colors_info=&#8221;{}&#8221;][et_pb_row _builder_version=&#8221;4.25.1&#8243; _module_preset=&#8221;default&#8221; custom_margin=&#8221;40px||||false|false&#8221; global_colors_info=&#8221;{}&#8221;][et_pb_column type=&#8221;4_4&#8243; _builder_version=&#8221;4.25.1&#8243; _module_preset=&#8221;default&#8221; global_colors_info=&#8221;{}&#8221;][et_pb_heading title=&#8221;Rozsdamentes ac\u00e9l term\u00e9kek&#8221; _builder_version=&#8221;4.25.1&#8243; _module_preset=&#8221;default&#8221; title_font=&#8221;Poppins|600|||||||&#8221; title_text_align=&#8221;center&#8221; title_font_size=&#8221;38px&#8221; custom_margin=&#8221;0px||||false|false&#8221; title_font_size_tablet=&#8221;38px&#8221; title_font_size_phone=&#8221;30px&#8221; title_font_size_last_edited=&#8221;on|phone&#8221; global_colors_info=&#8221;{}&#8221;][\/et_pb_heading][\/et_pb_column][\/et_pb_row][\/et_pb_section][et_pb_section fb_built=&#8221;1&#8243; _builder_version=&#8221;4.25.1&#8243; _module_preset=&#8221;default&#8221; global_colors_info=&#8221;{}&#8221;][et_pb_row _builder_version=&#8221;4.25.1&#8243; _module_preset=&#8221;default&#8221; global_colors_info=&#8221;{}&#8221;][et_pb_column type=&#8221;4_4&#8243; _builder_version=&#8221;4.25.1&#8243; _module_preset=&#8221;default&#8221; global_colors_info=&#8221;{}&#8221;][et_pb_image src=&#8221;https:\/\/hegesztogarazs.hu\/wp-content\/uploads\/2024\/06\/IMG_20231113_135723-scaled.jpg&#8221; title_text=&#8221;IMG_20231113_135723&#8243; show_bottom_space=&#8221;off&#8221; align=&#8221;center&#8221; _builder_version=&#8221;4.25.1&#8243; _module_preset=&#8221;default&#8221; width=&#8221;80%&#8221; max_width=&#8221;90%&#8221; module_alignment=&#8221;center&#8221; custom_margin=&#8221;-80px||||false|false&#8221; global_colors_info=&#8221;{}&#8221;][\/et_pb_image][\/et_pb_column][\/et_pb_row][\/et_pb_section][et_pb_section fb_built=&#8221;1&#8243; _builder_version=&#8221;4.25.1&#8243; _module_preset=&#8221;default&#8221; global_colors_info=&#8221;{}&#8221;][et_pb_row _builder_version=&#8221;4.25.1&#8243; _module_preset=&#8221;default&#8221; custom_margin=&#8221;60px||||false|false&#8221; custom_padding=&#8221;||12px|||&#8221; global_colors_info=&#8221;{}&#8221;][et_pb_column type=&#8221;4_4&#8243; _builder_version=&#8221;4.25.1&#8243; _module_preset=&#8221;default&#8221; global_colors_info=&#8221;{}&#8221;][et_pb_text _builder_version=&#8221;4.27.0&#8243; _module_preset=&#8221;default&#8221; text_font=&#8221;||||||||&#8221; text_text_color=&#8221;#000000&#8243; text_font_size=&#8221;16px&#8221; text_line_height=&#8221;1.6em&#8221; quote_text_color=&#8221;#FF6E00&#8243; header_text_color=&#8221;#000000&#8243; header_font_size=&#8221;44px&#8221; custom_margin=&#8221;0px||0px||false|false&#8221; custom_padding=&#8221;||3px|||&#8221; hover_enabled=&#8221;0&#8243; text_line_height_tablet=&#8221;1.6em&#8221; text_line_height_phone=&#8221;1.6em&#8221; text_line_height_last_edited=&#8221;on|phone&#8221; header_font_size_tablet=&#8221;44px&#8221; header_font_size_phone=&#8221;30px&#8221; header_font_size_last_edited=&#8221;on|phone&#8221; header_line_height_tablet=&#8221;&#8221; header_line_height_phone=&#8221;1.3em&#8221; header_line_height_last_edited=&#8221;on|phone&#8221; header_2_font_size_tablet=&#8221;&#8221; header_2_font_size_phone=&#8221;24px&#8221; header_2_font_size_last_edited=&#8221;on|phone&#8221; header_2_line_height_tablet=&#8221;&#8221; header_2_line_height_phone=&#8221;1.3em&#8221; header_2_line_height_last_edited=&#8221;on|phone&#8221; inline_fonts=&#8221;Poppins,Outfit&#8221; global_colors_info=&#8221;{}&#8221; sticky_enabled=&#8221;0&#8243;]<\/p>\n<h1><strong>A Rozsdamentes Ac\u00e9l El\u0151nyei<\/strong><\/h1>\n<p>&nbsp;<\/p>\n<p>Miel\u0151tt belev\u00e1gn\u00e9k a konkr\u00e9t munk\u00e1im r\u00e9szletez\u00e9s\u00e9be, fontosnak tartom, hogy megismerj\u00fck, mi\u00e9rt is olyan n\u00e9pszer\u0171 \u00e9s keresett a rozsdamentes ac\u00e9l. Az anyag k\u00fcl\u00f6nleges tulajdons\u00e1gai miatt:<\/p>\n<ul>\n<li><strong>1. Korr\u00f3zi\u00f3\u00e1ll\u00f3s\u00e1g: <\/strong>A rozsdamentes ac\u00e9l ellen\u00e1ll a rozsda \u00e9s egy\u00e9b korr\u00f3zi\u00f3s folyamatoknak, ami k\u00fcl\u00f6n\u00f6sen fontos k\u00fclt\u00e9ri haszn\u00e1lat eset\u00e9n.<br \/><strong>2. Tart\u00f3ss\u00e1g: <\/strong>Ez az anyag rendk\u00edv\u00fcl tart\u00f3s, \u00edgy hossz\u00fa \u00e9lettartamot biztos\u00edt a bel\u0151le k\u00e9sz\u00fclt term\u00e9keknek.<br \/><strong>3. Eszt\u00e9tika:<\/strong> A rozsdamentes ac\u00e9l modern, eleg\u00e1ns megjelen\u00e9st k\u00f6lcs\u00f6n\u00f6z legyen az korl\u00e1t, ker\u00edt\u00e9s vagy b\u00e1rmilyen szerkezet.<br \/><strong>4. K\u00f6nny\u0171 karbantart\u00e1s:<\/strong>\u00a0A rozsdamentes ac\u00e9l fel\u00fclete k\u00f6nnyen tiszt\u00edthat\u00f3, ami egyszer\u0171v\u00e9 teszi a karbantart\u00e1st.<\/li>\n<\/ul>\n<p>&nbsp;<\/p>\n<p><em><strong>\u00c1ltalam gy\u00e1rtott term\u00e9kek<\/strong><\/em><\/p>\n<p>&nbsp;<\/p>\n<p><strong>Rozsdamentes Korl\u00e1tok<\/strong><\/p>\n<p>A korl\u00e1tok nemcsak biztons\u00e1gi szerepet t\u00f6ltenek be, hanem eszt\u00e9tikai szempontb\u00f3l is meghat\u00e1roz\u00f3 elemei egy \u00e9p\u00fcletnek. Rozsdamentes ac\u00e9lb\u00f3l k\u00e9sz\u00fclt korl\u00e1tjaim garant\u00e1lj\u00e1k a hossz\u00fa t\u00e1v\u00fa biztons\u00e1got \u00e9s egy\u00fattal modern megjelen\u00e9st k\u00f6lcs\u00f6n\u00f6znek a l\u00e9pcs\u0151knek, erk\u00e9lyeknek vagy teraszoknak. Az elm\u00falt \u00e9vekben sz\u00e1mos otthon \u00e9s k\u00f6z\u00e9p\u00fclet kapott \u00faj, rozsdamentes korl\u00e1tot, amely nemcsak funkcion\u00e1lis, hanem dekorat\u00edv is.<\/p>\n<p>&nbsp;<\/p>\n<p><strong>Rozsdamentes Ker\u00edt\u00e9sek<\/strong><\/p>\n<p>A ker\u00edt\u00e9sek az ingatlanok els\u0151 v\u00e9dvonal\u00e1t k\u00e9pezik, \u00e9s nagyban hozz\u00e1j\u00e1rulnak azok eszt\u00e9tikai megjelen\u00e9s\u00e9hez. A rozsdamentes ac\u00e9lb\u00f3l k\u00e9sz\u00fclt ker\u00edt\u00e9sek nemcsak rendk\u00edv\u00fcl tart\u00f3sak \u00e9s ellen\u00e1ll\u00f3ak az id\u0151j\u00e1r\u00e1si viszontags\u00e1gokkal szemben, hanem st\u00edlusosak \u00e9s modern megjelen\u00e9s\u0171ek is. Munk\u00e1m sor\u00e1n mindig figyelembe veszem az \u00fcgyfelek egyedi ig\u00e9nyeit \u00e9s elk\u00e9pzel\u00e9seit, hogy a v\u00e9geredm\u00e9ny minden szempontb\u00f3l megfeleljen az elv\u00e1r\u00e1saiknak.<\/p>\n<p>&nbsp;<\/p>\n<p><strong>Egy\u00e9b Rozsdamentes Term\u00e9kek<\/strong><\/p>\n<p>A rozsdamentes ac\u00e9l sokoldal\u00fas\u00e1g\u00e1nak k\u00f6sz\u00f6nhet\u0151en sz\u00e1mos m\u00e1s term\u00e9ket is k\u00e9sz\u00edtek. Legyen sz\u00f3 kerti b\u00fatorokr\u00f3l, dekorat\u00edv elemekr\u0151l vagy uszoda- \u00e9s \u00e9lelmiszeripari szerkezetekr\u0151l, minden projektben a legmagasabb min\u0151s\u00e9gre t\u00f6rekszem. Minden egyes term\u00e9kem egyedi tervez\u00e9s alapj\u00e1n k\u00e9sz\u00fcl, hogy t\u00f6k\u00e9letesen illeszkedjen az adott k\u00f6rnyezetbe \u00e9s funkci\u00f3hoz.<\/p>\n<p>&nbsp;<\/p>\n<p><strong>Mi\u00e9rt V\u00e1lasszon Engem?<\/strong><\/p>\n<p>\u00dcgyfeleim el\u00e9gedetts\u00e9ge a legfontosabb sz\u00e1momra, ez\u00e9rt minden projektet szem\u00e9lyesen fel\u00fcgyelek a tervez\u00e9st\u0151l a kivitelez\u00e9sig.<\/p>\n<p>Ha \u00d6n is rozsdamentes term\u00e9kek ir\u00e1nt \u00e9rdekl\u0151dik, b\u00e1tran keressen meg! \u00d6r\u00f6mmel \u00e1llok rendelkez\u00e9s\u00e9re tan\u00e1csad\u00e1ssal, tervez\u00e9ssel \u00e9s kivitelez\u00e9ssel egyar\u00e1nt. Legyen sz\u00f3 kisebb otthoni projektr\u0151l vagy nagyobb ipari munk\u00e1r\u00f3l!<\/p>\n<p>&nbsp;<\/p>\n<p><strong>Kapcsolat<\/strong><\/p>\n<p>Ha b\u00e1rmilyen k\u00e9rd\u00e9se van, vagy szeretne tov\u00e1bbi inform\u00e1ci\u00f3kat kapni szolg\u00e1ltat\u00e1saimr\u00f3l, keressen b\u00e1tran az al\u00e1bbi el\u00e9rhet\u0151s\u00e9geken:<\/p>\n<p>\u2013 Telefonsz\u00e1m: +36 70\u00a0322 3228<br \/>\u2013 Email: hegesztogarazs@gmail.com<\/p>\n<p>Fedezze fel a rozsdamentes ac\u00e9l vil\u00e1g\u00e1t, \u00e9s v\u00e1lassza a min\u0151s\u00e9get \u00e9s tart\u00f3ss\u00e1got.<\/p>\n<p>[\/et_pb_text][\/et_pb_column][\/et_pb_row][\/et_pb_section]<\/p>\n","protected":false},"excerpt":{"rendered":"<p>A Rozsdamentes Ac\u00e9l El\u0151nyei &nbsp; Miel\u0151tt belev\u00e1gn\u00e9k a konkr\u00e9t munk\u00e1im r\u00e9szletez\u00e9s\u00e9be, fontosnak tartom, hogy megismerj\u00fck, mi\u00e9rt is olyan n\u00e9pszer\u0171 \u00e9s keresett a rozsdamentes ac\u00e9l. Az anyag k\u00fcl\u00f6nleges tulajdons\u00e1gai miatt: 1. Korr\u00f3zi\u00f3\u00e1ll\u00f3s\u00e1g: A rozsdamentes ac\u00e9l ellen\u00e1ll a rozsda \u00e9s egy\u00e9b korr\u00f3zi\u00f3s folyamatoknak, ami k\u00fcl\u00f6n\u00f6sen fontos k\u00fclt\u00e9ri haszn\u00e1lat eset\u00e9n.2. Tart\u00f3ss\u00e1g: Ez az anyag rendk\u00edv\u00fcl tart\u00f3s, \u00edgy hossz\u00fa [&hellip;]<\/p>\n","protected":false},"author":1,"featured_media":0,"parent":0,"menu_order":0,"comment_status":"closed","ping_status":"closed","template":"","meta":{"_et_pb_use_builder":"on","_et_pb_old_content":"","_et_gb_content_width":"","footnotes":""},"class_list":["post-290","page","type-page","status-publish","hentry"],"yoast_head":"<!-- This site is optimized with the Yoast SEO plugin v26.5 - https:\/\/yoast.com\/wordpress\/plugins\/seo\/ -->\n<title>Rozsdamentes - hegesztogarazs.hu<\/title>\n<meta name=\"robots\" content=\"index, follow, max-snippet:-1, max-image-preview:large, max-video-preview:-1\" \/>\n<link rel=\"canonical\" href=\"https:\/\/hegesztogarazs.hu\/?page_id=290\" \/>\n<meta property=\"og:locale\" content=\"hu_HU\" \/>\n<meta property=\"og:type\" content=\"article\" \/>\n<meta property=\"og:title\" content=\"Rozsdamentes - hegesztogarazs.hu\" \/>\n<meta property=\"og:description\" content=\"A Rozsdamentes Ac\u00e9l El\u0151nyei &nbsp; Miel\u0151tt belev\u00e1gn\u00e9k a konkr\u00e9t munk\u00e1im r\u00e9szletez\u00e9s\u00e9be, fontosnak tartom, hogy megismerj\u00fck, mi\u00e9rt is olyan n\u00e9pszer\u0171 \u00e9s keresett a rozsdamentes ac\u00e9l. Az anyag k\u00fcl\u00f6nleges tulajdons\u00e1gai miatt: 1. Korr\u00f3zi\u00f3\u00e1ll\u00f3s\u00e1g: A rozsdamentes ac\u00e9l ellen\u00e1ll a rozsda \u00e9s egy\u00e9b korr\u00f3zi\u00f3s folyamatoknak, ami k\u00fcl\u00f6n\u00f6sen fontos k\u00fclt\u00e9ri haszn\u00e1lat eset\u00e9n.2. Tart\u00f3ss\u00e1g: Ez az anyag rendk\u00edv\u00fcl tart\u00f3s, \u00edgy hossz\u00fa [&hellip;]\" \/>\n<meta property=\"og:url\" content=\"https:\/\/hegesztogarazs.hu\/?page_id=290\" \/>\n<meta property=\"og:site_name\" content=\"hegesztogarazs.hu\" \/>\n<meta property=\"article:modified_time\" content=\"2024-08-23T14:20:48+00:00\" \/>\n<meta name=\"twitter:card\" content=\"summary_large_image\" \/>\n<meta name=\"twitter:label1\" content=\"Becs\u00fclt olvas\u00e1si id\u0151\" \/>\n\t<meta name=\"twitter:data1\" content=\"5 perc\" \/>\n<script type=\"application\/ld+json\" class=\"yoast-schema-graph\">{\"@context\":\"https:\/\/schema.org\",\"@graph\":[{\"@type\":\"WebPage\",\"@id\":\"https:\/\/hegesztogarazs.hu\/?page_id=290\",\"url\":\"https:\/\/hegesztogarazs.hu\/?page_id=290\",\"name\":\"Rozsdamentes - hegesztogarazs.hu\",\"isPartOf\":{\"@id\":\"https:\/\/hegesztogarazs.hu\/#website\"},\"datePublished\":\"2024-06-09T14:29:47+00:00\",\"dateModified\":\"2024-08-23T14:20:48+00:00\",\"breadcrumb\":{\"@id\":\"https:\/\/hegesztogarazs.hu\/?page_id=290#breadcrumb\"},\"inLanguage\":\"hu\",\"potentialAction\":[{\"@type\":\"ReadAction\",\"target\":[\"https:\/\/hegesztogarazs.hu\/?page_id=290\"]}]},{\"@type\":\"BreadcrumbList\",\"@id\":\"https:\/\/hegesztogarazs.hu\/?page_id=290#breadcrumb\",\"itemListElement\":[{\"@type\":\"ListItem\",\"position\":1,\"name\":\"Kezd\u0151lap\",\"item\":\"https:\/\/hegesztogarazs.hu\/\"},{\"@type\":\"ListItem\",\"position\":2,\"name\":\"Rozsdamentes\"}]},{\"@type\":\"WebSite\",\"@id\":\"https:\/\/hegesztogarazs.hu\/#website\",\"url\":\"https:\/\/hegesztogarazs.hu\/\",\"name\":\"hegesztogarazs.hu\",\"description\":\"Professzion\u00e1lis Hegeszt\u00e9si Szolg\u00e1ltat\u00e1sok Bicsk\u00e9n\",\"potentialAction\":[{\"@type\":\"SearchAction\",\"target\":{\"@type\":\"EntryPoint\",\"urlTemplate\":\"https:\/\/hegesztogarazs.hu\/?s={search_term_string}\"},\"query-input\":{\"@type\":\"PropertyValueSpecification\",\"valueRequired\":true,\"valueName\":\"search_term_string\"}}],\"inLanguage\":\"hu\"}]}<\/script>\n<!-- \/ Yoast SEO plugin. -->","yoast_head_json":{"title":"Rozsdamentes - hegesztogarazs.hu","robots":{"index":"index","follow":"follow","max-snippet":"max-snippet:-1","max-image-preview":"max-image-preview:large","max-video-preview":"max-video-preview:-1"},"canonical":"https:\/\/hegesztogarazs.hu\/?page_id=290","og_locale":"hu_HU","og_type":"article","og_title":"Rozsdamentes - hegesztogarazs.hu","og_description":"A Rozsdamentes Ac\u00e9l El\u0151nyei &nbsp; Miel\u0151tt belev\u00e1gn\u00e9k a konkr\u00e9t munk\u00e1im r\u00e9szletez\u00e9s\u00e9be, fontosnak tartom, hogy megismerj\u00fck, mi\u00e9rt is olyan n\u00e9pszer\u0171 \u00e9s keresett a rozsdamentes ac\u00e9l. Az anyag k\u00fcl\u00f6nleges tulajdons\u00e1gai miatt: 1. Korr\u00f3zi\u00f3\u00e1ll\u00f3s\u00e1g: A rozsdamentes ac\u00e9l ellen\u00e1ll a rozsda \u00e9s egy\u00e9b korr\u00f3zi\u00f3s folyamatoknak, ami k\u00fcl\u00f6n\u00f6sen fontos k\u00fclt\u00e9ri haszn\u00e1lat eset\u00e9n.2. Tart\u00f3ss\u00e1g: Ez az anyag rendk\u00edv\u00fcl tart\u00f3s, \u00edgy hossz\u00fa [&hellip;]","og_url":"https:\/\/hegesztogarazs.hu\/?page_id=290","og_site_name":"hegesztogarazs.hu","article_modified_time":"2024-08-23T14:20:48+00:00","twitter_card":"summary_large_image","twitter_misc":{"Becs\u00fclt olvas\u00e1si id\u0151":"5 perc"},"schema":{"@context":"https:\/\/schema.org","@graph":[{"@type":"WebPage","@id":"https:\/\/hegesztogarazs.hu\/?page_id=290","url":"https:\/\/hegesztogarazs.hu\/?page_id=290","name":"Rozsdamentes - hegesztogarazs.hu","isPartOf":{"@id":"https:\/\/hegesztogarazs.hu\/#website"},"datePublished":"2024-06-09T14:29:47+00:00","dateModified":"2024-08-23T14:20:48+00:00","breadcrumb":{"@id":"https:\/\/hegesztogarazs.hu\/?page_id=290#breadcrumb"},"inLanguage":"hu","potentialAction":[{"@type":"ReadAction","target":["https:\/\/hegesztogarazs.hu\/?page_id=290"]}]},{"@type":"BreadcrumbList","@id":"https:\/\/hegesztogarazs.hu\/?page_id=290#breadcrumb","itemListElement":[{"@type":"ListItem","position":1,"name":"Kezd\u0151lap","item":"https:\/\/hegesztogarazs.hu\/"},{"@type":"ListItem","position":2,"name":"Rozsdamentes"}]},{"@type":"WebSite","@id":"https:\/\/hegesztogarazs.hu\/#website","url":"https:\/\/hegesztogarazs.hu\/","name":"hegesztogarazs.hu","description":"Professzion\u00e1lis Hegeszt\u00e9si Szolg\u00e1ltat\u00e1sok Bicsk\u00e9n","potentialAction":[{"@type":"SearchAction","target":{"@type":"EntryPoint","urlTemplate":"https:\/\/hegesztogarazs.hu\/?s={search_term_string}"},"query-input":{"@type":"PropertyValueSpecification","valueRequired":true,"valueName":"search_term_string"}}],"inLanguage":"hu"}]}},"_links":{"self":[{"href":"https:\/\/hegesztogarazs.hu\/index.php?rest_route=\/wp\/v2\/pages\/290","targetHints":{"allow":["GET"]}}],"collection":[{"href":"https:\/\/hegesztogarazs.hu\/index.php?rest_route=\/wp\/v2\/pages"}],"about":[{"href":"https:\/\/hegesztogarazs.hu\/index.php?rest_route=\/wp\/v2\/types\/page"}],"author":[{"embeddable":true,"href":"https:\/\/hegesztogarazs.hu\/index.php?rest_route=\/wp\/v2\/users\/1"}],"replies":[{"embeddable":true,"href":"https:\/\/hegesztogarazs.hu\/index.php?rest_route=%2Fwp%2Fv2%2Fcomments&post=290"}],"version-history":[{"count":41,"href":"https:\/\/hegesztogarazs.hu\/index.php?rest_route=\/wp\/v2\/pages\/290\/revisions"}],"predecessor-version":[{"id":759,"href":"https:\/\/hegesztogarazs.hu\/index.php?rest_route=\/wp\/v2\/pages\/290\/revisions\/759"}],"wp:attachment":[{"href":"https:\/\/hegesztogarazs.hu\/index.php?rest_route=%2Fwp%2Fv2%2Fmedia&parent=290"}],"curies":[{"name":"wp","href":"https:\/\/api.w.org\/{rel}","templated":true}]}}