{"id":735,"date":"2024-08-22T16:02:15","date_gmt":"2024-08-22T14:02:15","guid":{"rendered":"https:\/\/hegesztogarazs.hu\/?page_id=735"},"modified":"2024-08-23T14:30:32","modified_gmt":"2024-08-23T12:30:32","slug":"femipari-szolgaltatasok","status":"publish","type":"page","link":"https:\/\/hegesztogarazs.hu\/?page_id=735","title":{"rendered":"F\u00e9mipari szolg\u00e1ltat\u00e1sok"},"content":{"rendered":"<p>[et_pb_section fb_built=&#8221;1&#8243; _builder_version=&#8221;4.27.0&#8243; _module_preset=&#8221;default&#8221; global_colors_info=&#8221;{}&#8221;][et_pb_row _builder_version=&#8221;4.27.0&#8243; _module_preset=&#8221;default&#8221; global_colors_info=&#8221;{}&#8221;][et_pb_column type=&#8221;4_4&#8243; _builder_version=&#8221;4.27.0&#8243; _module_preset=&#8221;default&#8221; global_colors_info=&#8221;{}&#8221;][et_pb_text _builder_version=&#8221;4.27.0&#8243; _module_preset=&#8221;default&#8221; text_text_color=&#8221;#000000&#8243; text_font_size=&#8221;16px&#8221; text_line_height=&#8221;1.6em&#8221; header_font_size=&#8221;44px&#8221; hover_enabled=&#8221;0&#8243; header_font_size_tablet=&#8221;44px&#8221; header_font_size_phone=&#8221;30px&#8221; header_font_size_last_edited=&#8221;on|phone&#8221; global_colors_info=&#8221;{}&#8221; header_letter_spacing__hover_enabled=&#8221;on|desktop&#8221; sticky_enabled=&#8221;0&#8243;]<\/p>\n<h1><strong>F\u00e9mipari Szolg\u00e1ltat\u00e1sok<\/strong><\/h1>\n<p>&nbsp;<\/p>\n<p><strong> <\/strong><\/p>\n<p><strong> <\/strong><strong><\/strong><\/p>\n<p><strong>A Hegeszt\u0151gar\u00e1zsban a f\u00e9m megform\u00e1l\u00e1sa m\u0171v\u00e9szet<\/strong><\/p>\n<p><strong><br \/><\/strong><strong><\/strong> Egyedi, k\u00e9zm\u0171ves megold\u00e1sokat k\u00edn\u00e1lunk rozsdamentes ac\u00e9l \u00e9s kov\u00e1csoltvas term\u00e9kek eset\u00e9ben. Legyen sz\u00f3 egy eleg\u00e1ns, modern ker\u00edt\u00e9sr\u0151l vagy egy massz\u00edv, biztons\u00e1gos kapur\u00f3l, n\u00e1lunk megtal\u00e1lod a t\u00f6k\u00e9letes megold\u00e1st. B\u00edzd r\u00e1nk a f\u00e9mipari feladatokat \u00e9s mi megval\u00f3s\u00edtjuk a pontos elk\u00e9pzel\u00e9sedet.<strong><\/strong><\/p>\n<p><strong> <\/strong><strong>\u00c9lhajl\u00edt\u00e1s<\/strong><\/p>\n<p>Prec\u00edz \u00e9lhajl\u00edt\u00e1ssal k\u00e9sz\u00edt\u00fcnk egyedi ig\u00e9nyeidnek megfelel\u0151 alkatr\u00e9szeket. Legyen sz\u00f3 kapuk, ker\u00edt\u00e9sek vagy korl\u00e1tok elemeir\u0151l, az \u00e9lhajl\u00edt\u00e1s seg\u00edts\u00e9g\u00e9vel t\u00f6k\u00e9letesen illeszked\u0151 \u00e9s eszt\u00e9tikus megold\u00e1sokat tudunk ny\u00fajtani.<\/p>\n<p><strong>L\u00e9zerv\u00e1g\u00e1s<\/strong><\/p>\n<p>L\u00e9zerv\u00e1g\u00f3 technol\u00f3gi\u00e1val bonyolult mint\u00e1zat\u00fa \u00e9s alak\u00fa f\u00e9mlemezeket k\u00e9sz\u00edthet\u00fcnk. Ezzel a m\u00f3dszerrel egyedi kapuk, ker\u00edt\u00e9sek, d\u00edsz\u00edt\u0151elemek \u00e9s egy\u00e9b f\u00e9mszerkezetek elemei gyorsan \u00e9s pontosan kiv\u00e1ghat\u00f3k.<\/p>\n<p><strong>Lemezhenger\u00edt\u00e9s<\/strong><\/p>\n<p>Lemezhenger\u00edt\u00e9ssel k\u00fcl\u00f6nb\u00f6z\u0151 \u00e1tm\u00e9r\u0151j\u0171 \u00e9s hossz\u00fas\u00e1g\u00fa hengeres alkatr\u00e9szeket k\u00e9sz\u00edt\u00fcnk. Ezt a technol\u00f3gi\u00e1t els\u0151sorban tart\u00e1lyok, kaz\u00e1nok \u00e9s egy\u00e9b ipari berendez\u00e9sek gy\u00e1rt\u00e1s\u00e1ban alkalmazzuk.<\/p>\n<p><strong>Hegeszt\u00e9s <\/strong><\/p>\n<p>Hegeszt\u0151 m\u0171hely\u00fcnkben minden t\u00edpus\u00fa hegeszt\u00e9si feladatot elv\u00e9gz\u00fcnk. Rozsdamentes ac\u00e9l \u00e9s vas szerkezetek hegeszt\u00e9s\u00e9ben is j\u00e1rtasak vagyunk. A MIG, MAG, TIG \u00e9s MMA elj\u00e1r\u00e1sokkal egyar\u00e1nt dolgozunk, \u00edgy minden feladathoz a legmegfelel\u0151bb technol\u00f3gi\u00e1t tudjuk v\u00e1lasztani.<\/p>\n<p>&nbsp;<\/p>\n<p>[\/et_pb_text][\/et_pb_column][\/et_pb_row][\/et_pb_section]<\/p>\n","protected":false},"excerpt":{"rendered":"<p>F\u00e9mipari Szolg\u00e1ltat\u00e1sok &nbsp; A Hegeszt\u0151gar\u00e1zsban a f\u00e9m megform\u00e1l\u00e1sa m\u0171v\u00e9szet Egyedi, k\u00e9zm\u0171ves megold\u00e1sokat k\u00edn\u00e1lunk rozsdamentes ac\u00e9l \u00e9s kov\u00e1csoltvas term\u00e9kek eset\u00e9ben. Legyen sz\u00f3 egy eleg\u00e1ns, modern ker\u00edt\u00e9sr\u0151l vagy egy massz\u00edv, biztons\u00e1gos kapur\u00f3l, n\u00e1lunk megtal\u00e1lod a t\u00f6k\u00e9letes megold\u00e1st. B\u00edzd r\u00e1nk a f\u00e9mipari feladatokat \u00e9s mi megval\u00f3s\u00edtjuk a pontos elk\u00e9pzel\u00e9sedet. \u00c9lhajl\u00edt\u00e1s Prec\u00edz \u00e9lhajl\u00edt\u00e1ssal k\u00e9sz\u00edt\u00fcnk egyedi ig\u00e9nyeidnek megfelel\u0151 alkatr\u00e9szeket. Legyen [&hellip;]<\/p>\n","protected":false},"author":1,"featured_media":0,"parent":0,"menu_order":0,"comment_status":"closed","ping_status":"closed","template":"","meta":{"_et_pb_use_builder":"on","_et_pb_old_content":"","_et_gb_content_width":"","footnotes":""},"class_list":["post-735","page","type-page","status-publish","hentry"],"yoast_head":"<!-- This site is optimized with the Yoast SEO plugin v26.5 - https:\/\/yoast.com\/wordpress\/plugins\/seo\/ -->\n<title>F\u00e9mipari szolg\u00e1ltat\u00e1sok - hegesztogarazs.hu<\/title>\n<meta name=\"robots\" content=\"index, follow, max-snippet:-1, max-image-preview:large, max-video-preview:-1\" \/>\n<link rel=\"canonical\" href=\"https:\/\/hegesztogarazs.hu\/?page_id=735\" \/>\n<meta property=\"og:locale\" content=\"hu_HU\" \/>\n<meta property=\"og:type\" content=\"article\" \/>\n<meta property=\"og:title\" content=\"F\u00e9mipari szolg\u00e1ltat\u00e1sok - hegesztogarazs.hu\" \/>\n<meta property=\"og:description\" content=\"F\u00e9mipari Szolg\u00e1ltat\u00e1sok &nbsp; A Hegeszt\u0151gar\u00e1zsban a f\u00e9m megform\u00e1l\u00e1sa m\u0171v\u00e9szet Egyedi, k\u00e9zm\u0171ves megold\u00e1sokat k\u00edn\u00e1lunk rozsdamentes ac\u00e9l \u00e9s kov\u00e1csoltvas term\u00e9kek eset\u00e9ben. Legyen sz\u00f3 egy eleg\u00e1ns, modern ker\u00edt\u00e9sr\u0151l vagy egy massz\u00edv, biztons\u00e1gos kapur\u00f3l, n\u00e1lunk megtal\u00e1lod a t\u00f6k\u00e9letes megold\u00e1st. B\u00edzd r\u00e1nk a f\u00e9mipari feladatokat \u00e9s mi megval\u00f3s\u00edtjuk a pontos elk\u00e9pzel\u00e9sedet. \u00c9lhajl\u00edt\u00e1s Prec\u00edz \u00e9lhajl\u00edt\u00e1ssal k\u00e9sz\u00edt\u00fcnk egyedi ig\u00e9nyeidnek megfelel\u0151 alkatr\u00e9szeket. Legyen [&hellip;]\" \/>\n<meta property=\"og:url\" content=\"https:\/\/hegesztogarazs.hu\/?page_id=735\" \/>\n<meta property=\"og:site_name\" content=\"hegesztogarazs.hu\" \/>\n<meta property=\"article:modified_time\" content=\"2024-08-23T12:30:32+00:00\" \/>\n<meta name=\"twitter:card\" content=\"summary_large_image\" \/>\n<script type=\"application\/ld+json\" class=\"yoast-schema-graph\">{\"@context\":\"https:\/\/schema.org\",\"@graph\":[{\"@type\":\"WebPage\",\"@id\":\"https:\/\/hegesztogarazs.hu\/?page_id=735\",\"url\":\"https:\/\/hegesztogarazs.hu\/?page_id=735\",\"name\":\"F\u00e9mipari szolg\u00e1ltat\u00e1sok - hegesztogarazs.hu\",\"isPartOf\":{\"@id\":\"https:\/\/hegesztogarazs.hu\/#website\"},\"datePublished\":\"2024-08-22T14:02:15+00:00\",\"dateModified\":\"2024-08-23T12:30:32+00:00\",\"breadcrumb\":{\"@id\":\"https:\/\/hegesztogarazs.hu\/?page_id=735#breadcrumb\"},\"inLanguage\":\"hu\",\"potentialAction\":[{\"@type\":\"ReadAction\",\"target\":[\"https:\/\/hegesztogarazs.hu\/?page_id=735\"]}]},{\"@type\":\"BreadcrumbList\",\"@id\":\"https:\/\/hegesztogarazs.hu\/?page_id=735#breadcrumb\",\"itemListElement\":[{\"@type\":\"ListItem\",\"position\":1,\"name\":\"Kezd\u0151lap\",\"item\":\"https:\/\/hegesztogarazs.hu\/\"},{\"@type\":\"ListItem\",\"position\":2,\"name\":\"F\u00e9mipari szolg\u00e1ltat\u00e1sok\"}]},{\"@type\":\"WebSite\",\"@id\":\"https:\/\/hegesztogarazs.hu\/#website\",\"url\":\"https:\/\/hegesztogarazs.hu\/\",\"name\":\"hegesztogarazs.hu\",\"description\":\"Professzion\u00e1lis Hegeszt\u00e9si Szolg\u00e1ltat\u00e1sok Bicsk\u00e9n\",\"potentialAction\":[{\"@type\":\"SearchAction\",\"target\":{\"@type\":\"EntryPoint\",\"urlTemplate\":\"https:\/\/hegesztogarazs.hu\/?s={search_term_string}\"},\"query-input\":{\"@type\":\"PropertyValueSpecification\",\"valueRequired\":true,\"valueName\":\"search_term_string\"}}],\"inLanguage\":\"hu\"}]}<\/script>\n<!-- \/ Yoast SEO plugin. -->","yoast_head_json":{"title":"F\u00e9mipari szolg\u00e1ltat\u00e1sok - hegesztogarazs.hu","robots":{"index":"index","follow":"follow","max-snippet":"max-snippet:-1","max-image-preview":"max-image-preview:large","max-video-preview":"max-video-preview:-1"},"canonical":"https:\/\/hegesztogarazs.hu\/?page_id=735","og_locale":"hu_HU","og_type":"article","og_title":"F\u00e9mipari szolg\u00e1ltat\u00e1sok - hegesztogarazs.hu","og_description":"F\u00e9mipari Szolg\u00e1ltat\u00e1sok &nbsp; A Hegeszt\u0151gar\u00e1zsban a f\u00e9m megform\u00e1l\u00e1sa m\u0171v\u00e9szet Egyedi, k\u00e9zm\u0171ves megold\u00e1sokat k\u00edn\u00e1lunk rozsdamentes ac\u00e9l \u00e9s kov\u00e1csoltvas term\u00e9kek eset\u00e9ben. Legyen sz\u00f3 egy eleg\u00e1ns, modern ker\u00edt\u00e9sr\u0151l vagy egy massz\u00edv, biztons\u00e1gos kapur\u00f3l, n\u00e1lunk megtal\u00e1lod a t\u00f6k\u00e9letes megold\u00e1st. B\u00edzd r\u00e1nk a f\u00e9mipari feladatokat \u00e9s mi megval\u00f3s\u00edtjuk a pontos elk\u00e9pzel\u00e9sedet. \u00c9lhajl\u00edt\u00e1s Prec\u00edz \u00e9lhajl\u00edt\u00e1ssal k\u00e9sz\u00edt\u00fcnk egyedi ig\u00e9nyeidnek megfelel\u0151 alkatr\u00e9szeket. Legyen [&hellip;]","og_url":"https:\/\/hegesztogarazs.hu\/?page_id=735","og_site_name":"hegesztogarazs.hu","article_modified_time":"2024-08-23T12:30:32+00:00","twitter_card":"summary_large_image","schema":{"@context":"https:\/\/schema.org","@graph":[{"@type":"WebPage","@id":"https:\/\/hegesztogarazs.hu\/?page_id=735","url":"https:\/\/hegesztogarazs.hu\/?page_id=735","name":"F\u00e9mipari szolg\u00e1ltat\u00e1sok - hegesztogarazs.hu","isPartOf":{"@id":"https:\/\/hegesztogarazs.hu\/#website"},"datePublished":"2024-08-22T14:02:15+00:00","dateModified":"2024-08-23T12:30:32+00:00","breadcrumb":{"@id":"https:\/\/hegesztogarazs.hu\/?page_id=735#breadcrumb"},"inLanguage":"hu","potentialAction":[{"@type":"ReadAction","target":["https:\/\/hegesztogarazs.hu\/?page_id=735"]}]},{"@type":"BreadcrumbList","@id":"https:\/\/hegesztogarazs.hu\/?page_id=735#breadcrumb","itemListElement":[{"@type":"ListItem","position":1,"name":"Kezd\u0151lap","item":"https:\/\/hegesztogarazs.hu\/"},{"@type":"ListItem","position":2,"name":"F\u00e9mipari szolg\u00e1ltat\u00e1sok"}]},{"@type":"WebSite","@id":"https:\/\/hegesztogarazs.hu\/#website","url":"https:\/\/hegesztogarazs.hu\/","name":"hegesztogarazs.hu","description":"Professzion\u00e1lis Hegeszt\u00e9si Szolg\u00e1ltat\u00e1sok Bicsk\u00e9n","potentialAction":[{"@type":"SearchAction","target":{"@type":"EntryPoint","urlTemplate":"https:\/\/hegesztogarazs.hu\/?s={search_term_string}"},"query-input":{"@type":"PropertyValueSpecification","valueRequired":true,"valueName":"search_term_string"}}],"inLanguage":"hu"}]}},"_links":{"self":[{"href":"https:\/\/hegesztogarazs.hu\/index.php?rest_route=\/wp\/v2\/pages\/735","targetHints":{"allow":["GET"]}}],"collection":[{"href":"https:\/\/hegesztogarazs.hu\/index.php?rest_route=\/wp\/v2\/pages"}],"about":[{"href":"https:\/\/hegesztogarazs.hu\/index.php?rest_route=\/wp\/v2\/types\/page"}],"author":[{"embeddable":true,"href":"https:\/\/hegesztogarazs.hu\/index.php?rest_route=\/wp\/v2\/users\/1"}],"replies":[{"embeddable":true,"href":"https:\/\/hegesztogarazs.hu\/index.php?rest_route=%2Fwp%2Fv2%2Fcomments&post=735"}],"version-history":[{"count":5,"href":"https:\/\/hegesztogarazs.hu\/index.php?rest_route=\/wp\/v2\/pages\/735\/revisions"}],"predecessor-version":[{"id":747,"href":"https:\/\/hegesztogarazs.hu\/index.php?rest_route=\/wp\/v2\/pages\/735\/revisions\/747"}],"wp:attachment":[{"href":"https:\/\/hegesztogarazs.hu\/index.php?rest_route=%2Fwp%2Fv2%2Fmedia&parent=735"}],"curies":[{"name":"wp","href":"https:\/\/api.w.org\/{rel}","templated":true}]}}